{"id":71,"date":"2022-06-24T13:50:13","date_gmt":"2022-06-24T11:50:13","guid":{"rendered":"http:\/\/cnrh.fr\/?page_id=71"},"modified":"2022-06-24T15:27:36","modified_gmt":"2022-06-24T13:27:36","slug":"services","status":"publish","type":"page","link":"http:\/\/cnrh.fr\/index.php\/services\/","title":{"rendered":""},"content":{"rendered":"\n<p class=\"has-brand-dark-color has-text-color has-medium-font-size\"><strong>Nos Services <\/strong><\/p>\n\n\n\n<p><\/p>\n\n\n\n<p>Notre Centre propose une gamme compl\u00e8te de services RH :<\/p>\n\n\n\n<ul class=\"wp-block-list\"><li>Accompagnement salari\u00e9<\/li><li>Audit social<\/li><li>Coaching<\/li><li>Conseil juridique &amp; strat\u00e9gique<\/li><li>Formation<\/li><li>Management de transition<\/li><li>Recrutement<\/li><\/ul>\n","protected":false},"excerpt":{"rendered":"<p>Nos Services Notre Centre propose une gamme compl\u00e8te de services RH : Accompagnement salari\u00e9 Audit social Coaching Conseil juridique &amp; strat\u00e9gique Formation Management de transition Recrutement<\/p>\n","protected":false},"author":1,"featured_media":0,"parent":0,"menu_order":0,"comment_status":"closed","ping_status":"closed","template":"","meta":{"footnotes":""},"class_list":["post-71","page","type-page","status-publish","hentry"],"_links":{"self":[{"href":"http:\/\/cnrh.fr\/index.php\/wp-json\/wp\/v2\/pages\/71","targetHints":{"allow":["GET"]}}],"collection":[{"href":"http:\/\/cnrh.fr\/index.php\/wp-json\/wp\/v2\/pages"}],"about":[{"href":"http:\/\/cnrh.fr\/index.php\/wp-json\/wp\/v2\/types\/page"}],"author":[{"embeddable":true,"href":"http:\/\/cnrh.fr\/index.php\/wp-json\/wp\/v2\/users\/1"}],"replies":[{"embeddable":true,"href":"http:\/\/cnrh.fr\/index.php\/wp-json\/wp\/v2\/comments?post=71"}],"version-history":[{"count":3,"href":"http:\/\/cnrh.fr\/index.php\/wp-json\/wp\/v2\/pages\/71\/revisions"}],"predecessor-version":[{"id":159,"href":"http:\/\/cnrh.fr\/index.php\/wp-json\/wp\/v2\/pages\/71\/revisions\/159"}],"wp:attachment":[{"href":"http:\/\/cnrh.fr\/index.php\/wp-json\/wp\/v2\/media?parent=71"}],"curies":[{"name":"wp","href":"https:\/\/api.w.org\/{rel}","templated":true}]}}