{"id":153,"date":"2022-06-24T15:25:56","date_gmt":"2022-06-24T13:25:56","guid":{"rendered":"https:\/\/cnrh.fr\/?page_id=153"},"modified":"2022-06-25T16:26:39","modified_gmt":"2022-06-25T14:26:39","slug":"accompagnement","status":"publish","type":"page","link":"http:\/\/cnrh.fr\/index.php\/accompagnement\/","title":{"rendered":""},"content":{"rendered":"\n<div class=\"wp-block-media-text alignwide is-stacked-on-mobile\" style=\"grid-template-columns:22% auto\"><figure class=\"wp-block-media-text__media\"><img loading=\"lazy\" decoding=\"async\" width=\"1001\" height=\"1024\" src=\"https:\/\/cnrh.fr\/wp-content\/uploads\/2022\/06\/kisspng-virtual-assistant-business-service-company-managem-5b028b20cec4a3.7363672515268933448469.png\" alt=\"\" class=\"wp-image-154 size-full\" srcset=\"http:\/\/cnrh.fr\/wp-content\/uploads\/2022\/06\/kisspng-virtual-assistant-business-service-company-managem-5b028b20cec4a3.7363672515268933448469.png 1001w, http:\/\/cnrh.fr\/wp-content\/uploads\/2022\/06\/kisspng-virtual-assistant-business-service-company-managem-5b028b20cec4a3.7363672515268933448469-293x300.png 293w, http:\/\/cnrh.fr\/wp-content\/uploads\/2022\/06\/kisspng-virtual-assistant-business-service-company-managem-5b028b20cec4a3.7363672515268933448469-768x786.png 768w\" sizes=\"auto, (max-width: 1001px) 100vw, 1001px\" \/><\/figure><div class=\"wp-block-media-text__content\">\n<p class=\"has-brand-dark-color has-text-color has-medium-font-size\"><strong>Accompagnement salari\u00e9<\/strong><\/p>\n\n\n\n<p class=\"has-brand-dark-color has-text-color has-small-font-size\">Nous accompagnons tous les salari\u00e9s le n\u00e9cessitant dans leurs d\u00e9marches administratives : <\/p>\n\n\n\n<ul class=\"has-brand-dark-color has-text-color has-small-font-size wp-block-list\"><li>Accompagnement dans la signature d&#8217;une Rupture Conventionnelle ou accord transactionnel<\/li><li>Formalit\u00e9s Reconnaissance Qualit\u00e9 Travailleur Handicap\u00e9 (RQTH)<\/li><li>Formalit\u00e9s Retraite<\/li><li>Autres d\u00e9marches<\/li><\/ul>\n\n\n\n<p class=\"has-brand-dark-color has-text-color has-small-font-size\">Nous accompagnons \u00e9galement l&#8217;ensemble des CSE (Comit\u00e9 Social &amp; \u00c9conomique) dans la bonne mise en \u0153uvre de leurs attributions et missions.<\/p>\n<\/div><\/div>\n","protected":false},"excerpt":{"rendered":"<p>Accompagnement salari\u00e9 Nous accompagnons tous les salari\u00e9s le n\u00e9cessitant dans leurs d\u00e9marches administratives : Accompagnement dans la signature d&#8217;une Rupture Conventionnelle ou accord transactionnel Formalit\u00e9s Reconnaissance Qualit\u00e9 Travailleur Handicap\u00e9 (RQTH) Formalit\u00e9s Retraite Autres d\u00e9marches Nous accompagnons \u00e9galement l&#8217;ensemble des CSE (Comit\u00e9 Social &amp; \u00c9conomique) dans la bonne mise en \u0153uvre de leurs attributions et missions.<\/p>\n","protected":false},"author":1,"featured_media":0,"parent":0,"menu_order":0,"comment_status":"closed","ping_status":"closed","template":"","meta":{"footnotes":""},"class_list":["post-153","page","type-page","status-publish","hentry"],"_links":{"self":[{"href":"http:\/\/cnrh.fr\/index.php\/wp-json\/wp\/v2\/pages\/153","targetHints":{"allow":["GET"]}}],"collection":[{"href":"http:\/\/cnrh.fr\/index.php\/wp-json\/wp\/v2\/pages"}],"about":[{"href":"http:\/\/cnrh.fr\/index.php\/wp-json\/wp\/v2\/types\/page"}],"author":[{"embeddable":true,"href":"http:\/\/cnrh.fr\/index.php\/wp-json\/wp\/v2\/users\/1"}],"replies":[{"embeddable":true,"href":"http:\/\/cnrh.fr\/index.php\/wp-json\/wp\/v2\/comments?post=153"}],"version-history":[{"count":1,"href":"http:\/\/cnrh.fr\/index.php\/wp-json\/wp\/v2\/pages\/153\/revisions"}],"predecessor-version":[{"id":155,"href":"http:\/\/cnrh.fr\/index.php\/wp-json\/wp\/v2\/pages\/153\/revisions\/155"}],"wp:attachment":[{"href":"http:\/\/cnrh.fr\/index.php\/wp-json\/wp\/v2\/media?parent=153"}],"curies":[{"name":"wp","href":"https:\/\/api.w.org\/{rel}","templated":true}]}}