{"id":133,"date":"2022-06-24T14:58:43","date_gmt":"2022-06-24T12:58:43","guid":{"rendered":"http:\/\/cnrh.fr\/?page_id=133"},"modified":"2022-06-25T16:25:39","modified_gmt":"2022-06-25T14:25:39","slug":"coaching","status":"publish","type":"page","link":"http:\/\/cnrh.fr\/index.php\/coaching\/","title":{"rendered":""},"content":{"rendered":"\n<div class=\"wp-block-media-text alignwide is-stacked-on-mobile is-vertically-aligned-center\" style=\"grid-template-columns:19% auto\"><figure class=\"wp-block-media-text__media\"><img loading=\"lazy\" decoding=\"async\" width=\"1024\" height=\"989\" src=\"http:\/\/cnrh.fr\/wp-content\/uploads\/2022\/06\/kisspng-coaching-agile-software-development-team-devops-coaching-icon-5b57468f428d74.0914939315324463512726-1024x989.png\" alt=\"\" class=\"wp-image-135 size-full\" srcset=\"http:\/\/cnrh.fr\/wp-content\/uploads\/2022\/06\/kisspng-coaching-agile-software-development-team-devops-coaching-icon-5b57468f428d74.0914939315324463512726-1024x989.png 1024w, http:\/\/cnrh.fr\/wp-content\/uploads\/2022\/06\/kisspng-coaching-agile-software-development-team-devops-coaching-icon-5b57468f428d74.0914939315324463512726-300x290.png 300w, http:\/\/cnrh.fr\/wp-content\/uploads\/2022\/06\/kisspng-coaching-agile-software-development-team-devops-coaching-icon-5b57468f428d74.0914939315324463512726-768x742.png 768w, http:\/\/cnrh.fr\/wp-content\/uploads\/2022\/06\/kisspng-coaching-agile-software-development-team-devops-coaching-icon-5b57468f428d74.0914939315324463512726.png 1060w\" sizes=\"auto, (max-width: 1024px) 100vw, 1024px\" \/><\/figure><div class=\"wp-block-media-text__content\">\n<p class=\"has-brand-dark-color has-text-color has-medium-font-size\"><strong>Coaching<\/strong><\/p>\n\n\n\n<p class=\"has-brand-dark-color has-text-color has-small-font-size\">Notre centre accompagne les dirigeants, les managers et les collaborateurs dans le d\u00e9veloppement de leurs performances individuelles et collectives dans le cadre de leurs fonctions en entreprise.<br><br>Face aux \u00e9volutions et aux mutations du monde de l\u2019entreprise et du march\u00e9 de l\u2019emploi, le coaching de carri\u00e8re permet \u00e9galement d\u2019adapter sa posture et de r\u00e9pondre aux enjeux soci\u00e9taux.<br><\/p>\n\n\n\n<p class=\"has-brand-dark-color has-text-color has-small-font-size\">Ax\u00e9 sur la relation de confiance et de confidentialit\u00e9 entre le coach et le coach\u00e9, notre approche est orient\u00e9 r\u00e9sultat, comme un levier de performance, de mobilisation et de d\u00e9veloppement des personnes, des \u00e9quipes, au b\u00e9n\u00e9fice de l\u2019organisation.<br><br>De cette mani\u00e8re, le coach\u00e9 r\u00e9v\u00e8le son potentiel et gagne en autonomie. Il peut ainsi s\u2019\u00e9panouir pleinement professionnellement et personnellement.<\/p>\n<\/div><\/div>\n","protected":false},"excerpt":{"rendered":"<p>Coaching Notre centre accompagne les dirigeants, les managers et les collaborateurs dans le d\u00e9veloppement de leurs performances individuelles et collectives dans le cadre de leurs fonctions en entreprise. Face aux \u00e9volutions et aux mutations du monde de l\u2019entreprise et du march\u00e9 de l\u2019emploi, le coaching de carri\u00e8re permet \u00e9galement d\u2019adapter sa posture et de r\u00e9pondre &#8230; <span class=\"post__readmore post__readmore--excerpt\"><a href=\"http:\/\/cnrh.fr\/index.php\/coaching\/\">Continue Reading <\/a><\/span><\/p>\n","protected":false},"author":1,"featured_media":0,"parent":0,"menu_order":0,"comment_status":"closed","ping_status":"closed","template":"","meta":{"footnotes":""},"class_list":["post-133","page","type-page","status-publish","hentry"],"_links":{"self":[{"href":"http:\/\/cnrh.fr\/index.php\/wp-json\/wp\/v2\/pages\/133","targetHints":{"allow":["GET"]}}],"collection":[{"href":"http:\/\/cnrh.fr\/index.php\/wp-json\/wp\/v2\/pages"}],"about":[{"href":"http:\/\/cnrh.fr\/index.php\/wp-json\/wp\/v2\/types\/page"}],"author":[{"embeddable":true,"href":"http:\/\/cnrh.fr\/index.php\/wp-json\/wp\/v2\/users\/1"}],"replies":[{"embeddable":true,"href":"http:\/\/cnrh.fr\/index.php\/wp-json\/wp\/v2\/comments?post=133"}],"version-history":[{"count":2,"href":"http:\/\/cnrh.fr\/index.php\/wp-json\/wp\/v2\/pages\/133\/revisions"}],"predecessor-version":[{"id":147,"href":"http:\/\/cnrh.fr\/index.php\/wp-json\/wp\/v2\/pages\/133\/revisions\/147"}],"wp:attachment":[{"href":"http:\/\/cnrh.fr\/index.php\/wp-json\/wp\/v2\/media?parent=133"}],"curies":[{"name":"wp","href":"https:\/\/api.w.org\/{rel}","templated":true}]}}