{"id":130,"date":"2022-06-24T14:56:30","date_gmt":"2022-06-24T12:56:30","guid":{"rendered":"http:\/\/cnrh.fr\/?page_id=130"},"modified":"2022-09-05T17:10:15","modified_gmt":"2022-09-05T15:10:15","slug":"conseil","status":"publish","type":"page","link":"http:\/\/cnrh.fr\/index.php\/conseil\/","title":{"rendered":""},"content":{"rendered":"\n<div class=\"wp-block-media-text alignwide is-stacked-on-mobile is-vertically-aligned-center\" style=\"grid-template-columns:20% auto\"><figure class=\"wp-block-media-text__media\"><img loading=\"lazy\" decoding=\"async\" width=\"800\" height=\"577\" src=\"http:\/\/cnrh.fr\/wp-content\/uploads\/2022\/06\/kisspng-financial-adviser-finance-business-marketing-consu-5af333396e2df1.8932825715258878014513.png\" alt=\"\" class=\"wp-image-131 size-full\" srcset=\"http:\/\/cnrh.fr\/wp-content\/uploads\/2022\/06\/kisspng-financial-adviser-finance-business-marketing-consu-5af333396e2df1.8932825715258878014513.png 800w, http:\/\/cnrh.fr\/wp-content\/uploads\/2022\/06\/kisspng-financial-adviser-finance-business-marketing-consu-5af333396e2df1.8932825715258878014513-300x216.png 300w, http:\/\/cnrh.fr\/wp-content\/uploads\/2022\/06\/kisspng-financial-adviser-finance-business-marketing-consu-5af333396e2df1.8932825715258878014513-768x554.png 768w\" sizes=\"auto, (max-width: 800px) 100vw, 800px\" \/><\/figure><div class=\"wp-block-media-text__content\">\n<p class=\"has-brand-dark-color has-text-color has-medium-font-size\"><strong>Conseil juridique &amp; strat\u00e9gique<\/strong><\/p>\n\n\n\n<p><\/p>\n\n\n\n<p class=\"has-brand-dark-color has-text-color has-small-font-size\">Notre activit\u00e9 de Conseil vise \u00e0 accompagner tous nos clients dans la r\u00e9ussite de leurs projets strat\u00e9giques et op\u00e9rationnels, \u00e0 travers des prestations personnalis\u00e9es \u00e0 forte valeur ajout\u00e9e.<br><br>Notre expertise couvre l\u2019ensemble des th\u00e9matiques des ressources humaines : le droit du travail, la gestion et le d\u00e9veloppement des comp\u00e9tences, la paie ainsi que les domaines du changement et de la transformation organisationnelle, ainsi que du management.<br><br>Depuis plus de 10 ans, de par notre exp\u00e9rience en tant que membre CODIR, nous accompagnons de nombreuses entreprises fran\u00e7aises et \u00e9trang\u00e8res de tous les secteurs d&#8217;activit\u00e9, dans la bonne mise en \u0153uvre de leurs d\u00e9cisions et leurs pratiques, dans l\u2019am\u00e9lioration de leur processus et modes de fonctionnement ainsi que dans une logique de changement pour une meilleure efficience g\u00e9n\u00e9rale.<br>Ces prestations font l&#8217;objet d&#8217;une m\u00e9thodologie d\u00e9taill\u00e9e, \u00e9prouv\u00e9e, et 100% personnalis\u00e9e, en fonction de votre environnement, de votre secteur d&#8217;activit\u00e9 et de vos enjeux.<\/p>\n<\/div><\/div>\n","protected":false},"excerpt":{"rendered":"<p>Conseil juridique &amp; strat\u00e9gique Notre activit\u00e9 de Conseil vise \u00e0 accompagner tous nos clients dans la r\u00e9ussite de leurs projets strat\u00e9giques et op\u00e9rationnels, \u00e0 travers des prestations personnalis\u00e9es \u00e0 forte valeur ajout\u00e9e. Notre expertise couvre l\u2019ensemble des th\u00e9matiques des ressources humaines : le droit du travail, la gestion et le d\u00e9veloppement des comp\u00e9tences, la paie &#8230; <span class=\"post__readmore post__readmore--excerpt\"><a href=\"http:\/\/cnrh.fr\/index.php\/conseil\/\">Continue Reading <\/a><\/span><\/p>\n","protected":false},"author":1,"featured_media":0,"parent":0,"menu_order":0,"comment_status":"closed","ping_status":"closed","template":"","meta":{"footnotes":""},"class_list":["post-130","page","type-page","status-publish","hentry"],"_links":{"self":[{"href":"http:\/\/cnrh.fr\/index.php\/wp-json\/wp\/v2\/pages\/130","targetHints":{"allow":["GET"]}}],"collection":[{"href":"http:\/\/cnrh.fr\/index.php\/wp-json\/wp\/v2\/pages"}],"about":[{"href":"http:\/\/cnrh.fr\/index.php\/wp-json\/wp\/v2\/types\/page"}],"author":[{"embeddable":true,"href":"http:\/\/cnrh.fr\/index.php\/wp-json\/wp\/v2\/users\/1"}],"replies":[{"embeddable":true,"href":"http:\/\/cnrh.fr\/index.php\/wp-json\/wp\/v2\/comments?post=130"}],"version-history":[{"count":4,"href":"http:\/\/cnrh.fr\/index.php\/wp-json\/wp\/v2\/pages\/130\/revisions"}],"predecessor-version":[{"id":179,"href":"http:\/\/cnrh.fr\/index.php\/wp-json\/wp\/v2\/pages\/130\/revisions\/179"}],"wp:attachment":[{"href":"http:\/\/cnrh.fr\/index.php\/wp-json\/wp\/v2\/media?parent=130"}],"curies":[{"name":"wp","href":"https:\/\/api.w.org\/{rel}","templated":true}]}}