{"id":126,"date":"2022-06-24T14:53:54","date_gmt":"2022-06-24T12:53:54","guid":{"rendered":"http:\/\/cnrh.fr\/?page_id=126"},"modified":"2022-06-25T16:26:26","modified_gmt":"2022-06-25T14:26:26","slug":"management","status":"publish","type":"page","link":"http:\/\/cnrh.fr\/index.php\/management\/","title":{"rendered":""},"content":{"rendered":"\n<div class=\"wp-block-media-text alignwide is-stacked-on-mobile is-vertically-aligned-center\" style=\"grid-template-columns:15% auto\"><figure class=\"wp-block-media-text__media\"><img loading=\"lazy\" decoding=\"async\" width=\"497\" height=\"512\" src=\"http:\/\/cnrh.fr\/wp-content\/uploads\/2022\/06\/management.jpg\" alt=\"\" class=\"wp-image-128 size-full\" srcset=\"http:\/\/cnrh.fr\/wp-content\/uploads\/2022\/06\/management.jpg 497w, http:\/\/cnrh.fr\/wp-content\/uploads\/2022\/06\/management-291x300.jpg 291w\" sizes=\"auto, (max-width: 497px) 100vw, 497px\" \/><\/figure><div class=\"wp-block-media-text__content\">\n<p class=\"has-brand-dark-color has-text-color has-medium-font-size\"><strong>Management de transition<\/strong><\/p>\n\n\n\n<p><\/p>\n\n\n\n<p class=\"has-brand-dark-color has-text-color has-small-font-size\">Nous sommes en capacit\u00e9 de mettre \u00e0 la disposition de votre entreprise, dans des d\u00e9lais tr\u00e8s courts et pour une dur\u00e9e limit\u00e9e, un manager op\u00e9rationnel qui vous apporte les comp\u00e9tences dont vous avez besoin pour mettre en \u0153uvre votre strat\u00e9gie ou faire face \u00e0 un d\u00e9fi ponctuel.<br><\/p>\n\n\n\n<p class=\"has-brand-dark-color has-text-color has-small-font-size\">Vous b\u00e9n\u00e9ficierez ainsi de l\u2019impact d\u2019un dirigeant de transition exp\u00e9riment\u00e9 (aussi bien au niveau manag\u00e9rial, qu\u2019op\u00e9rationnel) vous proposant diff\u00e9rentes m\u00e9thodes \u00e9prouv\u00e9es et apportant son dynamisme, sa capacit\u00e9 \u00e0 prendre du recul et de la hauteur ainsi que son ind\u00e9pendance, atouts d\u00e9cisifs pour mobiliser les \u00e9quipes et piloter votre projet strat\u00e9gique.<\/p>\n<\/div><\/div>\n","protected":false},"excerpt":{"rendered":"<p>Management de transition Nous sommes en capacit\u00e9 de mettre \u00e0 la disposition de votre entreprise, dans des d\u00e9lais tr\u00e8s courts et pour une dur\u00e9e limit\u00e9e, un manager op\u00e9rationnel qui vous apporte les comp\u00e9tences dont vous avez besoin pour mettre en \u0153uvre votre strat\u00e9gie ou faire face \u00e0 un d\u00e9fi ponctuel. Vous b\u00e9n\u00e9ficierez ainsi de l\u2019impact &#8230; <span class=\"post__readmore post__readmore--excerpt\"><a href=\"http:\/\/cnrh.fr\/index.php\/management\/\">Continue Reading <\/a><\/span><\/p>\n","protected":false},"author":1,"featured_media":0,"parent":0,"menu_order":0,"comment_status":"closed","ping_status":"closed","template":"","meta":{"footnotes":""},"class_list":["post-126","page","type-page","status-publish","hentry"],"_links":{"self":[{"href":"http:\/\/cnrh.fr\/index.php\/wp-json\/wp\/v2\/pages\/126","targetHints":{"allow":["GET"]}}],"collection":[{"href":"http:\/\/cnrh.fr\/index.php\/wp-json\/wp\/v2\/pages"}],"about":[{"href":"http:\/\/cnrh.fr\/index.php\/wp-json\/wp\/v2\/types\/page"}],"author":[{"embeddable":true,"href":"http:\/\/cnrh.fr\/index.php\/wp-json\/wp\/v2\/users\/1"}],"replies":[{"embeddable":true,"href":"http:\/\/cnrh.fr\/index.php\/wp-json\/wp\/v2\/comments?post=126"}],"version-history":[{"count":2,"href":"http:\/\/cnrh.fr\/index.php\/wp-json\/wp\/v2\/pages\/126\/revisions"}],"predecessor-version":[{"id":149,"href":"http:\/\/cnrh.fr\/index.php\/wp-json\/wp\/v2\/pages\/126\/revisions\/149"}],"wp:attachment":[{"href":"http:\/\/cnrh.fr\/index.php\/wp-json\/wp\/v2\/media?parent=126"}],"curies":[{"name":"wp","href":"https:\/\/api.w.org\/{rel}","templated":true}]}}