{"id":122,"date":"2022-06-24T14:49:21","date_gmt":"2022-06-24T12:49:21","guid":{"rendered":"http:\/\/cnrh.fr\/?page_id=122"},"modified":"2022-06-25T16:26:18","modified_gmt":"2022-06-25T14:26:18","slug":"audit","status":"publish","type":"page","link":"http:\/\/cnrh.fr\/index.php\/audit\/","title":{"rendered":""},"content":{"rendered":"\n<div class=\"wp-block-media-text alignwide is-stacked-on-mobile\" style=\"grid-template-columns:19% auto\"><figure class=\"wp-block-media-text__media\"><img loading=\"lazy\" decoding=\"async\" width=\"878\" height=\"1024\" src=\"http:\/\/cnrh.fr\/wp-content\/uploads\/2022\/06\/kisspng-logo-royalty-free-website-audit-5b50ccbf679204.8256461415320219514242.png\" alt=\"\" class=\"wp-image-123 size-full\" srcset=\"http:\/\/cnrh.fr\/wp-content\/uploads\/2022\/06\/kisspng-logo-royalty-free-website-audit-5b50ccbf679204.8256461415320219514242.png 878w, http:\/\/cnrh.fr\/wp-content\/uploads\/2022\/06\/kisspng-logo-royalty-free-website-audit-5b50ccbf679204.8256461415320219514242-257x300.png 257w, http:\/\/cnrh.fr\/wp-content\/uploads\/2022\/06\/kisspng-logo-royalty-free-website-audit-5b50ccbf679204.8256461415320219514242-768x896.png 768w\" sizes=\"auto, (max-width: 878px) 100vw, 878px\" \/><\/figure><div class=\"wp-block-media-text__content\">\n<p class=\"has-brand-dark-color has-text-color has-medium-font-size\"><strong>Audit social<\/strong><\/p>\n\n\n\n<p class=\"has-brand-dark-color has-text-color has-small-font-size\">L\u2019audit social s\u2019inscrit dans la gestion long terme de l\u2019entreprise.<br><br>Il permet via l\u2019\u00e9tude des donn\u00e9es sociales de ma\u00eetriser et donc de diminuer notamment les risques, d\u2019optimiser le co\u00fbt des charges sociales, d\u2019\u00e9viter le risque de redressement de la part d\u2019organismes tels que l\u2019URSSAF.<br><br>Cet audit peut en effet avoir pour objet la v\u00e9rification des pratiques en mati\u00e8re de droit social, de protection sociale et de ressources humaines et leurs conformit\u00e9s aux dispositions l\u00e9gales et conventionnelles.<br><br>Il peut \u00e9galement \u00eatre r\u00e9alis\u00e9 dans des logiques de rachat ou de r\u00e9organisation<br>de l\u2019entreprise<\/p>\n<\/div><\/div>\n","protected":false},"excerpt":{"rendered":"<p>Audit social L\u2019audit social s\u2019inscrit dans la gestion long terme de l\u2019entreprise. Il permet via l\u2019\u00e9tude des donn\u00e9es sociales de ma\u00eetriser et donc de diminuer notamment les risques, d\u2019optimiser le co\u00fbt des charges sociales, d\u2019\u00e9viter le risque de redressement de la part d\u2019organismes tels que l\u2019URSSAF. Cet audit peut en effet avoir pour objet la &#8230; <span class=\"post__readmore post__readmore--excerpt\"><a href=\"http:\/\/cnrh.fr\/index.php\/audit\/\">Continue Reading <\/a><\/span><\/p>\n","protected":false},"author":1,"featured_media":0,"parent":0,"menu_order":0,"comment_status":"closed","ping_status":"closed","template":"","meta":{"footnotes":""},"class_list":["post-122","page","type-page","status-publish","hentry"],"_links":{"self":[{"href":"http:\/\/cnrh.fr\/index.php\/wp-json\/wp\/v2\/pages\/122","targetHints":{"allow":["GET"]}}],"collection":[{"href":"http:\/\/cnrh.fr\/index.php\/wp-json\/wp\/v2\/pages"}],"about":[{"href":"http:\/\/cnrh.fr\/index.php\/wp-json\/wp\/v2\/types\/page"}],"author":[{"embeddable":true,"href":"http:\/\/cnrh.fr\/index.php\/wp-json\/wp\/v2\/users\/1"}],"replies":[{"embeddable":true,"href":"http:\/\/cnrh.fr\/index.php\/wp-json\/wp\/v2\/comments?post=122"}],"version-history":[{"count":2,"href":"http:\/\/cnrh.fr\/index.php\/wp-json\/wp\/v2\/pages\/122\/revisions"}],"predecessor-version":[{"id":125,"href":"http:\/\/cnrh.fr\/index.php\/wp-json\/wp\/v2\/pages\/122\/revisions\/125"}],"wp:attachment":[{"href":"http:\/\/cnrh.fr\/index.php\/wp-json\/wp\/v2\/media?parent=122"}],"curies":[{"name":"wp","href":"https:\/\/api.w.org\/{rel}","templated":true}]}}