{"id":119,"date":"2022-06-24T14:46:41","date_gmt":"2022-06-24T12:46:41","guid":{"rendered":"http:\/\/cnrh.fr\/?page_id=119"},"modified":"2022-09-05T17:09:57","modified_gmt":"2022-09-05T15:09:57","slug":"formation","status":"publish","type":"page","link":"http:\/\/cnrh.fr\/index.php\/formation\/","title":{"rendered":""},"content":{"rendered":"\n<div class=\"wp-block-media-text alignwide is-stacked-on-mobile is-vertically-aligned-top\" style=\"grid-template-columns:16% auto\"><figure class=\"wp-block-media-text__media\"><img loading=\"lazy\" decoding=\"async\" width=\"512\" height=\"512\" src=\"http:\/\/cnrh.fr\/wp-content\/uploads\/2022\/06\/kisspng-academic-degree-diploma-computer-icons-graduation-educational-icon-5ade7423c3a662.0421106815245281638014.png\" alt=\"\" class=\"wp-image-120 size-full\" srcset=\"http:\/\/cnrh.fr\/wp-content\/uploads\/2022\/06\/kisspng-academic-degree-diploma-computer-icons-graduation-educational-icon-5ade7423c3a662.0421106815245281638014.png 512w, http:\/\/cnrh.fr\/wp-content\/uploads\/2022\/06\/kisspng-academic-degree-diploma-computer-icons-graduation-educational-icon-5ade7423c3a662.0421106815245281638014-300x300.png 300w, http:\/\/cnrh.fr\/wp-content\/uploads\/2022\/06\/kisspng-academic-degree-diploma-computer-icons-graduation-educational-icon-5ade7423c3a662.0421106815245281638014-150x150.png 150w\" sizes=\"auto, (max-width: 512px) 100vw, 512px\" \/><\/figure><div class=\"wp-block-media-text__content\">\n<p class=\"has-brand-dark-color has-text-color\"><strong>FORMATION<\/strong><\/p>\n\n\n\n<p class=\"has-brand-dark-color has-text-color has-small-font-size\">Le d\u00e9veloppement des comp\u00e9tences appel\u00e9 plus commun\u00e9ment \u00ab formation \u00bb demeure le moyen d\u2019adapter les comp\u00e9tences aux besoins nouveaux de l\u2019organisation, et renforce par ailleurs le plaisir, l\u2019engagement et de facto l\u2019efficience des salari\u00e9s.<br><br>Les formations inter et intra-entreprise sont des solutions que nous proposons.<\/p>\n\n\n\n<p class=\"has-brand-dark-color has-text-color has-small-font-size\">D\u00e9couvrez nos parcours de formation ou contactez-nous pour cr\u00e9er les parcours de formation et de d\u00e9veloppement des comp\u00e9tences qui correspondent \u00e0 la r\u00e9alit\u00e9 de votre entreprise et aux besoins de vos collaborateurs, \u00e9tablissant le lien avec votre strat\u00e9gie d\u2019\u00e9tablissement, votre politique g\u00e9n\u00e9rale.<\/p>\n\n\n\n<p class=\"has-brand-dark-color has-text-color has-small-font-size\">Bas\u00e9 sur une logique participative, nos formations alternent apports th\u00e9oriques, moments r\u00e9flexifs, et exercices pratique.<br><br>En effet, nous adaptons l\u2019ensemble de nos modules de formation sur-mesure en fonction des besoins et des exigences de l\u2019entreprise. Ils se d\u00e9roulent g\u00e9n\u00e9ralement sur 1 \u00e0 2 jours.<\/p>\n\n\n\n<p class=\"has-brand-dark-color has-text-color\"><\/p>\n\n\n\n<p class=\"has-brand-dark-color has-text-color has-medium-font-size\"><strong>NOS MODULES DE FORMATION :<\/strong><\/p>\n\n\n\n<p class=\"has-brand-dark-color has-text-color has-small-font-size\">\u2022 Les bases du droit du travail op\u00e9rationnel pour les managers<br>\u2022 Typologies et sp\u00e9cificit\u00e9s des contrats de travail<br>\u2022 Dur\u00e9e du travail et Modes d\u2019am\u00e9nagements du temps de travail<br>\u2022 Typologies et sp\u00e9cificit\u00e9s des modes de rupture du contrat de travail<br>\u2022 La suspension du contrat de travail<br>\u2022 Elections professionnelles et CSE<br>\u2022 Organiser son processus de recrutement et conduite d\u2019entretien<br>\u2022 Gestion des emplois et des comp\u00e9tences<br>\u2022 Construire et optimiser son plan de formation<br>\u2022 Conduire un entretien annuel d\u2019\u00e9valuation exploitable<br>\u2022 Conduire un entretien professionnel<br>\u2022 R\u00e9aliser un entretien de recadrage<\/p>\n<\/div><\/div>\n","protected":false},"excerpt":{"rendered":"<p>FORMATION Le d\u00e9veloppement des comp\u00e9tences appel\u00e9 plus commun\u00e9ment \u00ab formation \u00bb demeure le moyen d\u2019adapter les comp\u00e9tences aux besoins nouveaux de l\u2019organisation, et renforce par ailleurs le plaisir, l\u2019engagement et de facto l\u2019efficience des salari\u00e9s. Les formations inter et intra-entreprise sont des solutions que nous proposons. D\u00e9couvrez nos parcours de formation ou contactez-nous pour cr\u00e9er &#8230; <span class=\"post__readmore post__readmore--excerpt\"><a href=\"http:\/\/cnrh.fr\/index.php\/formation\/\">Continue Reading <\/a><\/span><\/p>\n","protected":false},"author":1,"featured_media":0,"parent":0,"menu_order":0,"comment_status":"closed","ping_status":"closed","template":"","meta":{"footnotes":""},"class_list":["post-119","page","type-page","status-publish","hentry"],"_links":{"self":[{"href":"http:\/\/cnrh.fr\/index.php\/wp-json\/wp\/v2\/pages\/119","targetHints":{"allow":["GET"]}}],"collection":[{"href":"http:\/\/cnrh.fr\/index.php\/wp-json\/wp\/v2\/pages"}],"about":[{"href":"http:\/\/cnrh.fr\/index.php\/wp-json\/wp\/v2\/types\/page"}],"author":[{"embeddable":true,"href":"http:\/\/cnrh.fr\/index.php\/wp-json\/wp\/v2\/users\/1"}],"replies":[{"embeddable":true,"href":"http:\/\/cnrh.fr\/index.php\/wp-json\/wp\/v2\/comments?post=119"}],"version-history":[{"count":3,"href":"http:\/\/cnrh.fr\/index.php\/wp-json\/wp\/v2\/pages\/119\/revisions"}],"predecessor-version":[{"id":178,"href":"http:\/\/cnrh.fr\/index.php\/wp-json\/wp\/v2\/pages\/119\/revisions\/178"}],"wp:attachment":[{"href":"http:\/\/cnrh.fr\/index.php\/wp-json\/wp\/v2\/media?parent=119"}],"curies":[{"name":"wp","href":"https:\/\/api.w.org\/{rel}","templated":true}]}}